{"id":6952,"date":"2025-06-23T06:19:42","date_gmt":"2025-06-23T06:19:42","guid":{"rendered":"https:\/\/virs-vb.com\/?page_id=6952"},"modified":"2025-12-29T09:58:23","modified_gmt":"2025-12-29T09:58:23","slug":"knjige-i-monografije","status":"publish","type":"page","link":"https:\/\/virs-vb.com\/en\/knjige-i-monografije\/","title":{"rendered":"Books and monographs"},"content":{"rendered":"<div data-elementor-type=\"wp-page\" data-elementor-id=\"6952\" class=\"elementor elementor-6952\" data-elementor-settings=\"{&quot;element_pack_global_tooltip_width&quot;:{&quot;unit&quot;:&quot;px&quot;,&quot;size&quot;:&quot;&quot;,&quot;sizes&quot;:[]},&quot;element_pack_global_tooltip_width_tablet&quot;:{&quot;unit&quot;:&quot;px&quot;,&quot;size&quot;:&quot;&quot;,&quot;sizes&quot;:[]},&quot;element_pack_global_tooltip_width_mobile&quot;:{&quot;unit&quot;:&quot;px&quot;,&quot;size&quot;:&quot;&quot;,&quot;sizes&quot;:[]},&quot;element_pack_global_tooltip_padding&quot;:{&quot;unit&quot;:&quot;px&quot;,&quot;top&quot;:&quot;&quot;,&quot;right&quot;:&quot;&quot;,&quot;bottom&quot;:&quot;&quot;,&quot;left&quot;:&quot;&quot;,&quot;isLinked&quot;:true},&quot;element_pack_global_tooltip_padding_tablet&quot;:{&quot;unit&quot;:&quot;px&quot;,&quot;top&quot;:&quot;&quot;,&quot;right&quot;:&quot;&quot;,&quot;bottom&quot;:&quot;&quot;,&quot;left&quot;:&quot;&quot;,&quot;isLinked&quot;:true},&quot;element_pack_global_tooltip_padding_mobile&quot;:{&quot;unit&quot;:&quot;px&quot;,&quot;top&quot;:&quot;&quot;,&quot;right&quot;:&quot;&quot;,&quot;bottom&quot;:&quot;&quot;,&quot;left&quot;:&quot;&quot;,&quot;isLinked&quot;:true},&quot;element_pack_global_tooltip_border_radius&quot;:{&quot;unit&quot;:&quot;px&quot;,&quot;top&quot;:&quot;&quot;,&quot;right&quot;:&quot;&quot;,&quot;bottom&quot;:&quot;&quot;,&quot;left&quot;:&quot;&quot;,&quot;isLinked&quot;:true},&quot;element_pack_global_tooltip_border_radius_tablet&quot;:{&quot;unit&quot;:&quot;px&quot;,&quot;top&quot;:&quot;&quot;,&quot;right&quot;:&quot;&quot;,&quot;bottom&quot;:&quot;&quot;,&quot;left&quot;:&quot;&quot;,&quot;isLinked&quot;:true},&quot;element_pack_global_tooltip_border_radius_mobile&quot;:{&quot;unit&quot;:&quot;px&quot;,&quot;top&quot;:&quot;&quot;,&quot;right&quot;:&quot;&quot;,&quot;bottom&quot;:&quot;&quot;,&quot;left&quot;:&quot;&quot;,&quot;isLinked&quot;:true}}\" data-elementor-post-type=\"page\">\n\t\t\t\t<div data-particle_enable=\"false\" data-particle-mobile-disabled=\"false\" class=\"elementor-element elementor-element-8388f9a e-flex e-con-boxed e-con e-parent\" data-id=\"8388f9a\" data-element_type=\"container\">\n\t\t\t\t\t<div class=\"e-con-inner\">\n\t\t\t\t<div class=\"elementor-element elementor-element-1b086f6 elementor-widget elementor-widget-heading\" data-id=\"1b086f6\" data-element_type=\"widget\" data-widget_type=\"heading.default\">\n\t\t\t\t<div class=\"elementor-widget-container\">\n\t\t\t\t\t<h2 class=\"elementor-heading-title elementor-size-default\">Books and monographs<\/h2>\t\t\t\t<\/div>\n\t\t\t\t<\/div>\n\t\t\t\t\t<\/div>\n\t\t\t\t<\/div>\n\t\t<div data-particle_enable=\"false\" data-particle-mobile-disabled=\"false\" class=\"elementor-element elementor-element-12da5bc e-flex e-con-boxed e-con e-parent\" data-id=\"12da5bc\" data-element_type=\"container\">\n\t\t\t\t\t<div class=\"e-con-inner\">\n\t\t\t\t<div class=\"elementor-element elementor-element-7365ebc elementor-widget elementor-widget-text-editor\" data-id=\"7365ebc\" data-element_type=\"widget\" data-widget_type=\"text-editor.default\">\n\t\t\t\t<div class=\"elementor-widget-container\">\n\t\t\t\t\t\t\t\t\t<p>Within the scope of its publishing activities, the Veterinary Institute of the Republika Srpska \"Dr Vaso Butozan\" (VIRSVB), as a publisher, publishes books and monographs.\u00a0<br \/>The VIRSB has published monographs on the occasion of significant anniversaries of the existence and work of the VIRSB. These monographs, each in its own way, present the VIRSB from the period of its establishment, following its work and development, until the moment when they complete a period in its duration.\u00a0<br \/>The aforementioned monographs were created as a result of teamwork by the staff of the VIRSB and reflect the effort to present the role and importance of the VIRSB as authentically as possible, through the various stages of its development and operation.<\/p>\t\t\t\t\t\t\t\t<\/div>\n\t\t\t\t<\/div>\n\t\t\t\t\t<\/div>\n\t\t\t\t<\/div>\n\t\t<div data-particle_enable=\"false\" data-particle-mobile-disabled=\"false\" class=\"elementor-element elementor-element-c77937f e-flex e-con-boxed e-con e-parent\" data-id=\"c77937f\" data-element_type=\"container\">\n\t\t\t\t\t<div class=\"e-con-inner\">\n\t\t<div data-particle_enable=\"false\" data-particle-mobile-disabled=\"false\" class=\"elementor-element elementor-element-0824f27 e-con-full e-flex e-con e-child\" data-id=\"0824f27\" data-element_type=\"container\">\n\t\t\t\t<div class=\"elementor-element elementor-element-064c409 elementor-position-top elementor-widget elementor-widget-image-box\" data-id=\"064c409\" data-element_type=\"widget\" data-widget_type=\"image-box.default\">\n\t\t\t\t<div class=\"elementor-widget-container\">\n\t\t\t\t\t<div class=\"elementor-image-box-wrapper\"><figure class=\"elementor-image-box-img\"><a href=\"https:\/\/indigo-giraffe-6916\" tabindex=\"-1\"><img fetchpriority=\"high\" decoding=\"async\" width=\"300\" height=\"375\" src=\"https:\/\/virs-vb.com\/wp-content\/uploads\/2025\/11\/Monografija.jpg\" class=\"attachment-full size-full wp-image-9081\" alt=\"\" srcset=\"https:\/\/virs-vb.com\/wp-content\/uploads\/2025\/11\/Monografija.jpg 300w, https:\/\/virs-vb.com\/wp-content\/uploads\/2025\/11\/Monografija-240x300.jpg 240w, https:\/\/virs-vb.com\/wp-content\/uploads\/2025\/11\/Monografija-10x12.jpg 10w\" sizes=\"(max-width: 300px) 100vw, 300px\" \/><\/a><\/figure><div class=\"elementor-image-box-content\"><h4 class=\"elementor-image-box-title\"><a href=\"https:\/\/indigo-giraffe-6916\">Monograph 70 years of the Veterinary Institute of the Republic of Srpska \"Dr Vaso Butozan\" in Banja Luka<\/a><\/h4><p class=\"elementor-image-box-description\">(\u0411\u0458\u0435\u043b\u0430\u0458\u0430\u0446 \u0411.  \u0438 \u0441\u0430\u0440.,  \u0458\u0443\u043d 2004.)<\/p><\/div><\/div>\t\t\t\t<\/div>\n\t\t\t\t<\/div>\n\t\t\t\t<\/div>\n\t\t<div data-particle_enable=\"false\" data-particle-mobile-disabled=\"false\" class=\"elementor-element elementor-element-809d470 e-con-full e-flex e-con e-child\" data-id=\"809d470\" data-element_type=\"container\">\n\t\t\t\t<div class=\"elementor-element elementor-element-590a3a2 elementor-position-top elementor-widget elementor-widget-image-box\" data-id=\"590a3a2\" data-element_type=\"widget\" data-widget_type=\"image-box.default\">\n\t\t\t\t<div class=\"elementor-widget-container\">\n\t\t\t\t\t<div class=\"elementor-image-box-wrapper\"><figure class=\"elementor-image-box-img\"><img decoding=\"async\" width=\"300\" height=\"375\" src=\"https:\/\/virs-vb.com\/wp-content\/uploads\/2025\/11\/Sabrani.jpg\" class=\"attachment-full size-full wp-image-9080\" alt=\"\" srcset=\"https:\/\/virs-vb.com\/wp-content\/uploads\/2025\/11\/Sabrani.jpg 300w, https:\/\/virs-vb.com\/wp-content\/uploads\/2025\/11\/Sabrani-240x300.jpg 240w, https:\/\/virs-vb.com\/wp-content\/uploads\/2025\/11\/Sabrani-10x12.jpg 10w\" sizes=\"(max-width: 300px) 100vw, 300px\" \/><\/figure><div class=\"elementor-image-box-content\"><h4 class=\"elementor-image-box-title\">Collected works of Dr. Vasa Butozan from the time of the establishment of the Veterinary Institute in Banja Luka <\/h4><p class=\"elementor-image-box-description\"> (Despotovi\u0107 D. et al., 2009.)<\/p><\/div><\/div>\t\t\t\t<\/div>\n\t\t\t\t<\/div>\n\t\t\t\t<\/div>\n\t\t<div data-particle_enable=\"false\" data-particle-mobile-disabled=\"false\" class=\"elementor-element elementor-element-8dd3efd e-con-full e-flex e-con e-child\" data-id=\"8dd3efd\" data-element_type=\"container\">\n\t\t\t\t<div class=\"elementor-element elementor-element-681354b elementor-position-top elementor-widget elementor-widget-image-box\" data-id=\"681354b\" data-element_type=\"widget\" data-widget_type=\"image-box.default\">\n\t\t\t\t<div class=\"elementor-widget-container\">\n\t\t\t\t\t<div class=\"elementor-image-box-wrapper\"><figure class=\"elementor-image-box-img\"><img decoding=\"async\" width=\"300\" height=\"375\" src=\"https:\/\/virs-vb.com\/wp-content\/uploads\/2025\/11\/80-mono.jpg\" class=\"attachment-full size-full wp-image-9079\" alt=\"\" srcset=\"https:\/\/virs-vb.com\/wp-content\/uploads\/2025\/11\/80-mono.jpg 300w, https:\/\/virs-vb.com\/wp-content\/uploads\/2025\/11\/80-mono-240x300.jpg 240w, https:\/\/virs-vb.com\/wp-content\/uploads\/2025\/11\/80-mono-10x12.jpg 10w\" sizes=\"(max-width: 300px) 100vw, 300px\" \/><\/figure><div class=\"elementor-image-box-content\"><h4 class=\"elementor-image-box-title\">Monograph 80 years of the Veterinary Institute of the Republic of Srpska \"Dr Vaso Butozan\" <\/h4><p class=\"elementor-image-box-description\"> (Nedi\u0107 D. et al., 2014.)<\/p><\/div><\/div>\t\t\t\t<\/div>\n\t\t\t\t<\/div>\n\t\t\t\t<\/div>\n\t\t<div data-particle_enable=\"false\" data-particle-mobile-disabled=\"false\" class=\"elementor-element elementor-element-d4361d4 e-con-full e-flex e-con e-child\" data-id=\"d4361d4\" data-element_type=\"container\">\n\t\t\t\t<div class=\"elementor-element elementor-element-d6349e9 elementor-position-top elementor-widget elementor-widget-image-box\" data-id=\"d6349e9\" data-element_type=\"widget\" data-widget_type=\"image-box.default\">\n\t\t\t\t<div class=\"elementor-widget-container\">\n\t\t\t\t\t<div class=\"elementor-image-box-wrapper\"><figure class=\"elementor-image-box-img\"><img loading=\"lazy\" decoding=\"async\" width=\"300\" height=\"375\" src=\"https:\/\/virs-vb.com\/wp-content\/uploads\/2025\/11\/85-mono.jpg\" class=\"attachment-full size-full wp-image-9078\" alt=\"\" srcset=\"https:\/\/virs-vb.com\/wp-content\/uploads\/2025\/11\/85-mono.jpg 300w, https:\/\/virs-vb.com\/wp-content\/uploads\/2025\/11\/85-mono-240x300.jpg 240w, https:\/\/virs-vb.com\/wp-content\/uploads\/2025\/11\/85-mono-10x12.jpg 10w\" sizes=\"(max-width: 300px) 100vw, 300px\" \/><\/figure><div class=\"elementor-image-box-content\"><h4 class=\"elementor-image-box-title\">Monograph 85 years of the Veterinary Institute of the Republic of Srpska \"Dr Vaso Butozan\" <\/h4><p class=\"elementor-image-box-description\"> (Sladojevi\u0107 Z. et al., 2019.)<\/p><\/div><\/div>\t\t\t\t<\/div>\n\t\t\t\t<\/div>\n\t\t\t\t<\/div>\n\t\t<div data-particle_enable=\"false\" data-particle-mobile-disabled=\"false\" class=\"elementor-element elementor-element-1b38413 e-con-full e-flex e-con e-child\" data-id=\"1b38413\" data-element_type=\"container\">\n\t\t\t\t<div class=\"elementor-element elementor-element-9246926 elementor-position-top elementor-widget elementor-widget-image-box\" data-id=\"9246926\" data-element_type=\"widget\" data-widget_type=\"image-box.default\">\n\t\t\t\t<div class=\"elementor-widget-container\">\n\t\t\t\t\t<div class=\"elementor-image-box-wrapper\"><figure class=\"elementor-image-box-img\"><img loading=\"lazy\" decoding=\"async\" width=\"300\" height=\"375\" src=\"https:\/\/virs-vb.com\/wp-content\/uploads\/2025\/11\/90-mono.jpg\" class=\"attachment-full size-full wp-image-9077\" alt=\"\" srcset=\"https:\/\/virs-vb.com\/wp-content\/uploads\/2025\/11\/90-mono.jpg 300w, https:\/\/virs-vb.com\/wp-content\/uploads\/2025\/11\/90-mono-240x300.jpg 240w, https:\/\/virs-vb.com\/wp-content\/uploads\/2025\/11\/90-mono-10x12.jpg 10w\" sizes=\"(max-width: 300px) 100vw, 300px\" \/><\/figure><div class=\"elementor-image-box-content\"><h4 class=\"elementor-image-box-title\">Monograph 90 years of the Veterinary Institute of the Republic of Srpska \"Dr Vaso Butozan\" <\/h4><p class=\"elementor-image-box-description\">(Kne\u017eevi\u0107 D. et al., 2024.)<\/p><\/div><\/div>\t\t\t\t<\/div>\n\t\t\t\t<\/div>\n\t\t\t\t<\/div>\n\t\t<div data-particle_enable=\"false\" data-particle-mobile-disabled=\"false\" class=\"elementor-element elementor-element-ef58c8c e-con-full e-flex e-con e-child\" data-id=\"ef58c8c\" data-element_type=\"container\">\n\t\t\t\t<\/div>\n\t\t\t\t\t<\/div>\n\t\t\t\t<\/div>\n\t\t<div data-particle_enable=\"false\" data-particle-mobile-disabled=\"false\" class=\"elementor-element elementor-element-a1af029 e-flex e-con-boxed e-con e-parent\" data-id=\"a1af029\" data-element_type=\"container\">\n\t\t\t\t\t<div class=\"e-con-inner\">\n\t\t\t\t<div class=\"elementor-element elementor-element-e37c610 elementor-widget elementor-widget-text-editor\" data-id=\"e37c610\" data-element_type=\"widget\" data-widget_type=\"text-editor.default\">\n\t\t\t\t<div class=\"elementor-widget-container\">\n\t\t\t\t\t\t\t\t\t<p>The aforementioned monographs were created as a result of teamwork by the staff of the VIRSB and reflect the effort to present the role and importance of the VIRSB as authentically as possible, through the various stages of its development and operation.<\/p><p>In addition to jubilee monographs, VIRSVB is a publisher of scientific monographs and books.<\/p>\t\t\t\t\t\t\t\t<\/div>\n\t\t\t\t<\/div>\n\t\t\t\t\t<\/div>\n\t\t\t\t<\/div>\n\t\t<div data-particle_enable=\"false\" data-particle-mobile-disabled=\"false\" class=\"elementor-element elementor-element-31ebb26 e-flex e-con-boxed e-con e-parent\" data-id=\"31ebb26\" data-element_type=\"container\">\n\t\t\t\t\t<div class=\"e-con-inner\">\n\t\t<div data-particle_enable=\"false\" data-particle-mobile-disabled=\"false\" class=\"elementor-element elementor-element-b465621 e-con-full e-flex e-con e-child\" data-id=\"b465621\" data-element_type=\"container\">\n\t\t\t\t<div class=\"elementor-element elementor-element-0bba35c elementor-position-top elementor-widget elementor-widget-image-box\" data-id=\"0bba35c\" data-element_type=\"widget\" data-widget_type=\"image-box.default\">\n\t\t\t\t<div class=\"elementor-widget-container\">\n\t\t\t\t\t<div class=\"elementor-image-box-wrapper\"><figure class=\"elementor-image-box-img\"><img loading=\"lazy\" decoding=\"async\" width=\"300\" height=\"375\" src=\"https:\/\/virs-vb.com\/wp-content\/uploads\/2025\/11\/Psi.jpg\" class=\"attachment-full size-full wp-image-9076\" alt=\"\" srcset=\"https:\/\/virs-vb.com\/wp-content\/uploads\/2025\/11\/Psi.jpg 300w, https:\/\/virs-vb.com\/wp-content\/uploads\/2025\/11\/Psi-240x300.jpg 240w, https:\/\/virs-vb.com\/wp-content\/uploads\/2025\/11\/Psi-10x12.jpg 10w\" sizes=\"(max-width: 300px) 100vw, 300px\" \/><\/figure><div class=\"elementor-image-box-content\"><h4 class=\"elementor-image-box-title\">Basics of dog genetics<\/h4><p class=\"elementor-image-box-description\">(Uro\u0161evi\u0107 M., Vu\u010dini\u0107 M., Stoji\u0107 P., \u0160ari\u0107 M., 1998)<\/p><\/div><\/div>\t\t\t\t<\/div>\n\t\t\t\t<\/div>\n\t\t\t\t<\/div>\n\t\t<div data-particle_enable=\"false\" data-particle-mobile-disabled=\"false\" class=\"elementor-element elementor-element-a52ce39 e-con-full e-flex e-con e-child\" data-id=\"a52ce39\" data-element_type=\"container\">\n\t\t\t\t<div class=\"elementor-element elementor-element-096169e elementor-position-top elementor-widget elementor-widget-image-box\" data-id=\"096169e\" data-element_type=\"widget\" data-widget_type=\"image-box.default\">\n\t\t\t\t<div class=\"elementor-widget-container\">\n\t\t\t\t\t<div class=\"elementor-image-box-wrapper\"><figure class=\"elementor-image-box-img\"><img loading=\"lazy\" decoding=\"async\" width=\"400\" height=\"520\" src=\"https:\/\/virs-vb.com\/wp-content\/uploads\/2025\/12\/Fizi_krave.jpg\" class=\"attachment-full size-full wp-image-11992\" alt=\"\" srcset=\"https:\/\/virs-vb.com\/wp-content\/uploads\/2025\/12\/Fizi_krave.jpg 400w, https:\/\/virs-vb.com\/wp-content\/uploads\/2025\/12\/Fizi_krave-231x300.jpg 231w, https:\/\/virs-vb.com\/wp-content\/uploads\/2025\/12\/Fizi_krave-9x12.jpg 9w\" sizes=\"(max-width: 400px) 100vw, 400px\" \/><\/figure><div class=\"elementor-image-box-content\"><h4 class=\"elementor-image-box-title\">Physiological Basis of Metabolic Diseases in High-Yielding Dairy Cows<\/h4><p class=\"elementor-image-box-description\"> (Sladojevi\u0107 \u017d. 2025)<\/p><\/div><\/div>\t\t\t\t<\/div>\n\t\t\t\t<\/div>\n\t\t\t\t<\/div>\n\t\t<div data-particle_enable=\"false\" data-particle-mobile-disabled=\"false\" class=\"elementor-element elementor-element-9966452 e-con-full e-flex e-con e-child\" data-id=\"9966452\" data-element_type=\"container\">\n\t\t\t\t<\/div>\n\t\t\t\t\t<\/div>\n\t\t\t\t<\/div>\n\t\t\t\t<\/div>","protected":false},"excerpt":{"rendered":"<p>\u041a\u045a\u0438\u0433\u0435 \u0438 \u043c\u043e\u043d\u043e\u0433\u0440\u0430\u0444\u0438\u0458\u0435 \u0423 \u043e\u043a\u0432\u0438\u0440\u0443 \u0438\u0437\u0434\u0430\u0432\u0430\u0447\u043a\u0435 \u0434\u0458\u0435\u043b\u0430\u0442\u043d\u043e\u0441\u0442\u0438 \u0408\u0423 \u0412\u0435\u0442\u0435\u0440\u0438\u043d\u0430\u0440\u0441\u043a\u0438 \u0438\u043d\u0441\u0442\u0438\u0442\u0443\u0442 \u0420\u0435\u043f\u0443\u0431\u043b\u0438\u043a\u0435 \u0421\u0440\u043f\u0441\u043a\u0435 \u201e\u0414\u0440 \u0412\u0430\u0441\u043e \u0411\u0443\u0442\u043e\u0437\u0430\u043d\u201c (\u0412\u0418\u0420\u0421\u0412\u0411), \u043a\u0430\u043e \u0438\u0437\u0434\u0430\u0432\u0430\u0447, \u043e\u0431\u0458\u0430\u0432\u0459\u0443\u0458\u0435 \u043a\u045a\u0438\u0433\u0435 \u0438 \u043c\u043e\u043d\u043e\u0433\u0440\u0430\u0444\u0438\u0458\u0435.\u00a0\u0412\u0418\u0420\u0421\u0412\u0411 \u0458\u0435 \u0438\u0437\u0434\u0430\u043e \u043c\u043e\u043d\u043e\u0433\u0440\u0430\u0444\u0438\u0458\u0435 \u043f\u043e\u0432\u043e\u0434\u043e\u043c \u0437\u043d\u0430\u0447\u0430\u0458\u043d\u0438\u0445 \u0458\u0443\u0431\u0438\u043b\u0435\u0458\u0430 \u043f\u043e\u0441\u0442\u043e\u0458\u0430\u045a\u0430 \u0438 \u0440\u0430\u0434\u0430 \u0412\u0418\u0420\u0421\u0412\u0411. \u041e\u0432\u0435 \u043c\u043e\u043d\u043e\u0433\u0440\u0430\u0444\u0438\u0458\u0435, \u0441\u0432\u0430\u043a\u0430 \u043d\u0430 \u0441\u0432\u043e\u0458 \u043d\u0430\u0447\u0438\u043d, \u043f\u0440\u0438\u043a\u0430\u0437\u0443\u0458\u0443 \u0412\u0418\u0420\u0421\u0412\u0411 \u043e\u0434 \u043f\u0435\u0440\u0438\u043e\u0434\u0430 \u043d\u0430\u0441\u0442\u0430\u043d\u043a\u0430, \u043f\u0440\u0430\u0442\u0435\u045b\u0438 \u045a\u0435\u0433\u043e\u0432 \u0440\u0430\u0434 \u0438 \u0440\u0430\u0437\u0432\u043e\u0458, \u043f\u0430 \u0441\u0432\u0435 \u0434\u043e \u0442\u0440\u0435\u043d\u0443\u0442\u043a\u0430 \u043a\u0430\u0434\u0430 \u0437\u0430\u043e\u043a\u0440\u0443\u0436\u0443\u0458\u0443 \u0458\u0435\u0434\u0430\u043d [&hellip;]<\/p>","protected":false},"author":2,"featured_media":7780,"parent":0,"menu_order":0,"comment_status":"closed","ping_status":"closed","template":"","meta":{"footnotes":""},"class_list":["post-6952","page","type-page","status-publish","has-post-thumbnail","hentry"],"_links":{"self":[{"href":"https:\/\/virs-vb.com\/en\/wp-json\/wp\/v2\/pages\/6952","targetHints":{"allow":["GET"]}}],"collection":[{"href":"https:\/\/virs-vb.com\/en\/wp-json\/wp\/v2\/pages"}],"about":[{"href":"https:\/\/virs-vb.com\/en\/wp-json\/wp\/v2\/types\/page"}],"author":[{"embeddable":true,"href":"https:\/\/virs-vb.com\/en\/wp-json\/wp\/v2\/users\/2"}],"replies":[{"embeddable":true,"href":"https:\/\/virs-vb.com\/en\/wp-json\/wp\/v2\/comments?post=6952"}],"version-history":[{"count":106,"href":"https:\/\/virs-vb.com\/en\/wp-json\/wp\/v2\/pages\/6952\/revisions"}],"predecessor-version":[{"id":11995,"href":"https:\/\/virs-vb.com\/en\/wp-json\/wp\/v2\/pages\/6952\/revisions\/11995"}],"wp:featuredmedia":[{"embeddable":true,"href":"https:\/\/virs-vb.com\/en\/wp-json\/wp\/v2\/media\/7780"}],"wp:attachment":[{"href":"https:\/\/virs-vb.com\/en\/wp-json\/wp\/v2\/media?parent=6952"}],"curies":[{"name":"wp","href":"https:\/\/api.w.org\/{rel}","templated":true}]}}