{"id":10515,"date":"2025-11-26T09:36:59","date_gmt":"2025-11-26T09:36:59","guid":{"rendered":"https:\/\/virs-vb.com\/?page_id=10515"},"modified":"2026-02-04T09:34:27","modified_gmt":"2026-02-04T08:34:27","slug":"%d1%87%d0%bb%d0%b0%d0%bd%d0%be%d0%b2%d0%b8-%d0%bd%d0%b0%d1%83%d1%87%d0%bd%d0%be%d0%b3-%d0%b2%d0%b8%d1%98%d0%b5%d1%9b%d0%b0","status":"publish","type":"page","link":"https:\/\/virs-vb.com\/en\/%d1%87%d0%bb%d0%b0%d0%bd%d0%be%d0%b2%d0%b8-%d0%bd%d0%b0%d1%83%d1%87%d0%bd%d0%be%d0%b3-%d0%b2%d0%b8%d1%98%d0%b5%d1%9b%d0%b0\/","title":{"rendered":"Scientific council members"},"content":{"rendered":"<div data-elementor-type=\"wp-page\" data-elementor-id=\"10515\" class=\"elementor elementor-10515\" data-elementor-settings=\"{&quot;element_pack_global_tooltip_width&quot;:{&quot;unit&quot;:&quot;px&quot;,&quot;size&quot;:&quot;&quot;,&quot;sizes&quot;:[]},&quot;element_pack_global_tooltip_width_tablet&quot;:{&quot;unit&quot;:&quot;px&quot;,&quot;size&quot;:&quot;&quot;,&quot;sizes&quot;:[]},&quot;element_pack_global_tooltip_width_mobile&quot;:{&quot;unit&quot;:&quot;px&quot;,&quot;size&quot;:&quot;&quot;,&quot;sizes&quot;:[]},&quot;element_pack_global_tooltip_padding&quot;:{&quot;unit&quot;:&quot;px&quot;,&quot;top&quot;:&quot;&quot;,&quot;right&quot;:&quot;&quot;,&quot;bottom&quot;:&quot;&quot;,&quot;left&quot;:&quot;&quot;,&quot;isLinked&quot;:true},&quot;element_pack_global_tooltip_padding_tablet&quot;:{&quot;unit&quot;:&quot;px&quot;,&quot;top&quot;:&quot;&quot;,&quot;right&quot;:&quot;&quot;,&quot;bottom&quot;:&quot;&quot;,&quot;left&quot;:&quot;&quot;,&quot;isLinked&quot;:true},&quot;element_pack_global_tooltip_padding_mobile&quot;:{&quot;unit&quot;:&quot;px&quot;,&quot;top&quot;:&quot;&quot;,&quot;right&quot;:&quot;&quot;,&quot;bottom&quot;:&quot;&quot;,&quot;left&quot;:&quot;&quot;,&quot;isLinked&quot;:true},&quot;element_pack_global_tooltip_border_radius&quot;:{&quot;unit&quot;:&quot;px&quot;,&quot;top&quot;:&quot;&quot;,&quot;right&quot;:&quot;&quot;,&quot;bottom&quot;:&quot;&quot;,&quot;left&quot;:&quot;&quot;,&quot;isLinked&quot;:true},&quot;element_pack_global_tooltip_border_radius_tablet&quot;:{&quot;unit&quot;:&quot;px&quot;,&quot;top&quot;:&quot;&quot;,&quot;right&quot;:&quot;&quot;,&quot;bottom&quot;:&quot;&quot;,&quot;left&quot;:&quot;&quot;,&quot;isLinked&quot;:true},&quot;element_pack_global_tooltip_border_radius_mobile&quot;:{&quot;unit&quot;:&quot;px&quot;,&quot;top&quot;:&quot;&quot;,&quot;right&quot;:&quot;&quot;,&quot;bottom&quot;:&quot;&quot;,&quot;left&quot;:&quot;&quot;,&quot;isLinked&quot;:true}}\" data-elementor-post-type=\"page\">\n\t\t\t\t<div data-particle_enable=\"false\" data-particle-mobile-disabled=\"false\" class=\"elementor-element elementor-element-402b92c e-flex e-con-boxed e-con e-parent\" data-id=\"402b92c\" data-element_type=\"container\">\n\t\t\t\t\t<div class=\"e-con-inner\">\n\t\t\t\t<div class=\"elementor-element elementor-element-b23c234 elementor-widget elementor-widget-heading\" data-id=\"b23c234\" data-element_type=\"widget\" data-widget_type=\"heading.default\">\n\t\t\t\t<div class=\"elementor-widget-container\">\n\t\t\t\t\t<h2 class=\"elementor-heading-title elementor-size-default\">Scientific council members<\/h2>\t\t\t\t<\/div>\n\t\t\t\t<\/div>\n\t\t\t\t\t<\/div>\n\t\t\t\t<\/div>\n\t\t<div data-particle_enable=\"false\" data-particle-mobile-disabled=\"false\" class=\"elementor-element elementor-element-4e6f29f e-flex e-con-boxed e-con e-parent\" data-id=\"4e6f29f\" data-element_type=\"container\">\n\t\t\t\t\t<div class=\"e-con-inner\">\n\t\t\t\t<div class=\"elementor-element elementor-element-f595c6e elementor-widget elementor-widget-text-editor\" data-id=\"f595c6e\" data-element_type=\"widget\" data-widget_type=\"text-editor.default\">\n\t\t\t\t<div class=\"elementor-widget-container\">\n\t\t\t\t\t\t\t\t\t<p>The Scientific Council has eleven members, seven of whom are from VIRSVB, and four from other scientific and educational institutions (Faculty of Veterinary Medicine, University of Belgrade, Faculty of Medicine, University of Banja Luka, Institute of Meat Hygiene and Technology, Belgrade).<\/p><p>The members of the Scientific Council in the second convocation (2026-2030) are:<\/p><ol><li>1. Drago Nedi\u0107, full professor, president (VIRSVB)<\/li><li>2. \u0414\u0430\u043d\u0438\u0458\u0435\u043b\u0430 \u041a\u0438\u0440\u043e\u0432\u0441\u043a\u0438, \u0440\u0435\u0434\u043e\u0432\u043d\u0438 \u043f\u0440\u043e\u0444\u0435\u0441\u043e\u0440 (\u0424\u0430\u043a\u0443\u043b\u0442\u0435\u0442 \u0432\u0435\u0442\u0435\u0440\u0438\u043d\u0430\u0440\u0441\u043a\u0435 \u043c\u0435\u0434\u0438\u0446\u0438\u043d\u0435 \u0423\u043d\u0438\u0432\u0435\u0440\u0437\u0438\u0442\u0435\u0442\u0430 \u0443 \u0411\u0435\u043e\u0433\u0440\u0430\u0434\u0443)<\/li><li>3. Milorad Mirilovi\u0107, full professor (Faculty of Veterinary Medicine, University of Belgrade)<\/li><li>4. Ranko \u0160krbi\u0107, full professor (Faculty of Medicine, University of Banja Luka)<\/li><li>5. Vesna \u0110or\u0111evi\u0107, scientific advisor (Institute for Meat Hygiene and Technology, Belgrade)<\/li><li>\u017deljko Sladojevi\u0107, Senior Research Fellow (VIRSVBB)<\/li><li>Bojan Golic, Senior Research Fellow (VIRSVB)<\/li><li>8. Biljana Pe\u0107anac, senior research associate (VIRSVB)<\/li><li>9. Dragan Kasagi\u0107, senior research associate (VIRSVB)<\/li><li>Dragan Kne\u017eevi\u0107, Research Associate (VIRSVBB)<\/li><li>Dr. Oliver Stevanovi\u0107, research associate.<\/li><\/ol><p>The members of the Scientific Council in the second convocation (2022-2026) are:<\/p><ol><li>1. Drago Nedi\u0107, full professor, president (VIRSVB)<\/li><li>2. \u0414\u0430\u043d\u0438\u0458\u0435\u043b\u0430 \u041a\u0438\u0440\u043e\u0432\u0441\u043a\u0438, \u0440\u0435\u0434\u043e\u0432\u043d\u0438 \u043f\u0440\u043e\u0444\u0435\u0441\u043e\u0440 (\u0424\u0430\u043a\u0443\u043b\u0442\u0435\u0442 \u0432\u0435\u0442\u0435\u0440\u0438\u043d\u0430\u0440\u0441\u043a\u0435 \u043c\u0435\u0434\u0438\u0446\u0438\u043d\u0435 \u0423\u043d\u0438\u0432\u0435\u0440\u0437\u0438\u0442\u0435\u0442\u0430 \u0443 \u0411\u0435\u043e\u0433\u0440\u0430\u0434\u0443)<\/li><li>3. Milorad Mirilovi\u0107, full professor (Faculty of Veterinary Medicine, University of Belgrade)<\/li><li>4. Ranko \u0160krbi\u0107, full professor (Faculty of Medicine, University of Banja Luka)<\/li><li>5. Vesna \u0110or\u0111evi\u0107, scientific advisor (Institute for Meat Hygiene and Technology, Belgrade)<\/li><li>\u017deljko Sladojevi\u0107, Senior Research Fellow (VIRSVBB)<\/li><li>Bojan Golic, Senior Research Fellow (VIRSVB)<\/li><li>8. Biljana Pe\u0107anac, senior research associate (VIRSVB)<\/li><li>9. Dragan Kasagi\u0107, senior research associate (VIRSVB)<\/li><li>\u0412\u0435\u0441\u043d\u0430 \u041a\u0430\u043b\u0430\u0431\u0430, \u0434\u043e\u0446\u0435\u043d\u0442 (\u0412\u0418\u0420\u0421\u0412\u0411)<\/li><li>Dr. Oliver Stevanovi\u0107, research associate.<\/li><\/ol><p>The members of the Scientific Council in the second convocation (2017-2022) are:<\/p><ol><li>1. Drago Nedi\u0107, full professor, president (VIRSVB)<\/li><li>\u0416\u0435\u0459\u043a\u043e \u0421\u043b\u0430\u0434\u043e\u0458\u0435\u0432\u0438\u045b, \u043d\u0430\u0443\u0447\u043d\u0438 \u0441\u0430\u0440\u0430\u0434\u043d\u0438\u043a (\u0412\u0418\u0420\u0421\u0412\u0411)<\/li><li>\u0412\u0435\u0441\u043d\u0430 \u041a\u0430\u043b\u0430\u0431\u0430, \u0434\u043e\u0446\u0435\u043d\u0442 (\u0412\u0418\u0420\u0421\u0412\u0411)<\/li><li>\u0412\u043b\u0430\u0434\u043e \u0422\u0435\u043e\u0434\u043e\u0440\u043e\u0432\u0438\u045b, \u0440\u0435\u0434\u043e\u0432\u043d\u0438 \u043f\u0440\u043e\u0444\u0435\u0441\u043e\u0440 (\u0424\u0430\u043a\u0443\u043b\u0442\u0435\u0442 \u0432\u0435\u0442\u0435\u0440\u0438\u043d\u0430\u0440\u0441\u043a\u0435 \u043c\u0435\u0434\u0438\u0446\u0438\u043d\u0435 \u0423\u043d\u0438\u0432\u0435\u0440\u0437\u0438\u0442\u0435\u0442\u0430 \u0443 \u0411\u0435\u043e\u0433\u0440\u0430\u0434\u0443)<\/li><li>\u041c\u0438\u043b\u0435\u043d\u043a\u043e \u0428\u0430\u0440\u0438\u045b, \u0432\u0430\u043d\u0440\u0435\u0434\u043d\u0438 \u043f\u0440\u043e\u0444\u0435\u0441\u043e\u0440 (\u041f\u043e\u0459\u043e\u043f\u0440\u0438\u0432\u0440\u0435\u0434\u043d\u0438 \u0444\u0430\u043a\u0443\u043b\u0442\u0435\u0442 \u0423\u043d\u0438\u0432\u0435\u0440\u0437\u0438\u0442\u0435\u0442\u0430 \u0443 \u0411\u0430\u045a\u043e\u0458 \u041b\u0443\u0446\u0438)<\/li><li>\u0420\u043e\u0434\u043e\u0459\u0443\u0431 \u0422\u0440\u043a\u0443\u0459\u0430, \u0434\u043e\u0446\u0435\u043d\u0442 (\u0412\u0435\u0442\u0435\u0440\u0438\u043d\u0430\u0440\u0441\u043a\u043e-\u0441\u0442\u043e\u0447\u0430\u0440\u0441\u043a\u0438 \u0446\u0435\u043d\u0442\u0430\u0440 \u0411\u0430\u045a\u0430 \u041b\u0443\u043a\u0430)<\/li><li>\u0411\u043e\u0458\u0430\u043d \u0413\u043e\u043b\u0438\u045b, \u043d\u0430\u0443\u0447\u043d\u0438 \u0441\u0430\u0440\u0430\u0434\u043d\u0438\u043a (\u0412\u0418\u0420\u0421\u0412\u0411)<\/li><li>\u0412\u0438\u043e\u043b\u0435\u0442\u0430 \u0421\u0430\u043d\u0442\u0440\u0430\u0447, \u043d\u0430\u0443\u0447\u043d\u0438 \u0441\u0430\u0440\u0430\u0434\u043d\u0438\u043a (\u0412\u0418\u0420\u0421\u0412\u0411)<\/li><li>\u0414\u0440\u0430\u0433\u0430\u043d \u041a\u0430\u0441\u0430\u0433\u0438\u045b, \u043d\u0430\u0443\u0447\u043d\u0438 \u0441\u0430\u0440\u0430\u0434\u043d\u0438\u043a (\u0412\u0418\u0420\u0421\u0412\u0411)<\/li><\/ol>\t\t\t\t\t\t\t\t<\/div>\n\t\t\t\t<\/div>\n\t\t\t\t\t<\/div>\n\t\t\t\t<\/div>\n\t\t\t\t<\/div>","protected":false},"excerpt":{"rendered":"<p>\u0427\u043b\u0430\u043d\u043e\u0432\u0438 \u043d\u0430\u0443\u0447\u043d\u043e\u0433 \u0432\u0438\u0458\u0435\u045b\u0430 \u041d\u0430\u0443\u0447\u043d\u043e \u0432\u0438\u0458\u0435\u045b\u0435 \u0438\u043c\u0430 \u0458\u0435\u0434\u0430\u043d\u0430\u0435\u0441\u0442 \u0447\u043b\u0430\u043d\u043e\u0432\u0430, \u043e\u0434 \u043a\u043e\u0458\u0438\u0445 \u0458\u0435 \u0441\u0435\u0434\u0430\u043c \u0438\u0437 \u0412\u0418\u0420\u0421\u0412\u0411, \u0430 \u0447\u0435\u0442\u0438\u0440\u0438 \u0438\u0437 \u0434\u0440\u0443\u0433\u0438\u0445 \u043d\u0430\u0443\u0447\u043d\u0438\u0445 \u0438 \u043e\u0431\u0440\u0430\u0437\u043e\u0432\u043d\u0438\u0445 \u0438\u043d\u0441\u0442\u0438\u0442\u0443\u0446\u0438\u0458\u0430 (\u0424\u0430\u043a\u0443\u043b\u0442\u0435\u0442 \u0432\u0435\u0442\u0435\u0440\u0438\u043d\u0430\u0440\u0441\u043a\u0435 \u043c\u0435\u0434\u0438\u0446\u0438\u043d\u0435 \u0423\u043d\u0438\u0432\u0435\u0440\u0437\u0438\u0442\u0435\u0442\u0430 \u0443 \u0411\u0435\u043e\u0433\u0440\u0430\u0434\u0443, \u041c\u0435\u0434\u0438\u0446\u0438\u043d\u0441\u043a\u0438 \u0444\u0430\u043a\u0443\u043b\u0442\u0435\u0442 \u0423\u043d\u0438\u0432\u0435\u0440\u0437\u0438\u0442\u0435\u0442\u0430 \u0443 \u0411\u0430\u045a\u043e\u0458 \u041b\u0443\u0446\u0438, \u0418\u043d\u0441\u0442\u0438\u0442\u0443\u0442 \u0437\u0430 \u0445\u0438\u0433\u0438\u0458\u0435\u043d\u0443 \u0438 \u0442\u0435\u0445\u043d\u043e\u043b\u043e\u0433\u0438\u0458\u0443 \u043c\u0435\u0441\u0430 \u0411\u0435\u043e\u0433\u0440\u0430\u0434). \u0427\u043b\u0430\u043d\u043e\u0432\u0438 \u041d\u0430\u0443\u0447\u043d\u043e\u0433 \u0432\u0438\u0458\u0435\u045b\u0430 \u0443 \u0442\u0440\u0435\u045b\u0435\u043c \u0441\u0430\u0437\u0438\u0432\u0443 (2026-2030. \u0433\u043e\u0434\u0438\u043d\u0435) \u0441\u0443: \u0414\u0440\u0430\u0433\u043e \u041d\u0435\u0434\u0438\u045b, \u0440\u0435\u0434\u043e\u0432\u043d\u0438 \u043f\u0440\u043e\u0444\u0435\u0441\u043e\u0440, \u043f\u0440\u0435\u0434\u0441\u0458\u0435\u0434\u043d\u0438\u043a [&hellip;]<\/p>","protected":false},"author":2,"featured_media":8890,"parent":0,"menu_order":0,"comment_status":"closed","ping_status":"closed","template":"","meta":{"footnotes":""},"class_list":["post-10515","page","type-page","status-publish","has-post-thumbnail","hentry"],"_links":{"self":[{"href":"https:\/\/virs-vb.com\/en\/wp-json\/wp\/v2\/pages\/10515","targetHints":{"allow":["GET"]}}],"collection":[{"href":"https:\/\/virs-vb.com\/en\/wp-json\/wp\/v2\/pages"}],"about":[{"href":"https:\/\/virs-vb.com\/en\/wp-json\/wp\/v2\/types\/page"}],"author":[{"embeddable":true,"href":"https:\/\/virs-vb.com\/en\/wp-json\/wp\/v2\/users\/2"}],"replies":[{"embeddable":true,"href":"https:\/\/virs-vb.com\/en\/wp-json\/wp\/v2\/comments?post=10515"}],"version-history":[{"count":32,"href":"https:\/\/virs-vb.com\/en\/wp-json\/wp\/v2\/pages\/10515\/revisions"}],"predecessor-version":[{"id":12717,"href":"https:\/\/virs-vb.com\/en\/wp-json\/wp\/v2\/pages\/10515\/revisions\/12717"}],"wp:featuredmedia":[{"embeddable":true,"href":"https:\/\/virs-vb.com\/en\/wp-json\/wp\/v2\/media\/8890"}],"wp:attachment":[{"href":"https:\/\/virs-vb.com\/en\/wp-json\/wp\/v2\/media?parent=10515"}],"curies":[{"name":"wp","href":"https:\/\/api.w.org\/{rel}","templated":true}]}}