{"id":10230,"date":"2025-11-19T07:49:38","date_gmt":"2025-11-19T07:49:38","guid":{"rendered":"https:\/\/virs-vb.com\/?page_id=10230"},"modified":"2025-12-18T18:11:08","modified_gmt":"2025-12-18T18:11:08","slug":"dr-vaso-butozan","status":"publish","type":"page","link":"https:\/\/virs-vb.com\/en\/dr-vaso-butozan\/","title":{"rendered":"dr Vaso Butozan"},"content":{"rendered":"<div data-elementor-type=\"wp-page\" data-elementor-id=\"10230\" class=\"elementor elementor-10230\" data-elementor-settings=\"{&quot;element_pack_global_tooltip_width&quot;:{&quot;unit&quot;:&quot;px&quot;,&quot;size&quot;:&quot;&quot;,&quot;sizes&quot;:[]},&quot;element_pack_global_tooltip_width_tablet&quot;:{&quot;unit&quot;:&quot;px&quot;,&quot;size&quot;:&quot;&quot;,&quot;sizes&quot;:[]},&quot;element_pack_global_tooltip_width_mobile&quot;:{&quot;unit&quot;:&quot;px&quot;,&quot;size&quot;:&quot;&quot;,&quot;sizes&quot;:[]},&quot;element_pack_global_tooltip_padding&quot;:{&quot;unit&quot;:&quot;px&quot;,&quot;top&quot;:&quot;&quot;,&quot;right&quot;:&quot;&quot;,&quot;bottom&quot;:&quot;&quot;,&quot;left&quot;:&quot;&quot;,&quot;isLinked&quot;:true},&quot;element_pack_global_tooltip_padding_tablet&quot;:{&quot;unit&quot;:&quot;px&quot;,&quot;top&quot;:&quot;&quot;,&quot;right&quot;:&quot;&quot;,&quot;bottom&quot;:&quot;&quot;,&quot;left&quot;:&quot;&quot;,&quot;isLinked&quot;:true},&quot;element_pack_global_tooltip_padding_mobile&quot;:{&quot;unit&quot;:&quot;px&quot;,&quot;top&quot;:&quot;&quot;,&quot;right&quot;:&quot;&quot;,&quot;bottom&quot;:&quot;&quot;,&quot;left&quot;:&quot;&quot;,&quot;isLinked&quot;:true},&quot;element_pack_global_tooltip_border_radius&quot;:{&quot;unit&quot;:&quot;px&quot;,&quot;top&quot;:&quot;&quot;,&quot;right&quot;:&quot;&quot;,&quot;bottom&quot;:&quot;&quot;,&quot;left&quot;:&quot;&quot;,&quot;isLinked&quot;:true},&quot;element_pack_global_tooltip_border_radius_tablet&quot;:{&quot;unit&quot;:&quot;px&quot;,&quot;top&quot;:&quot;&quot;,&quot;right&quot;:&quot;&quot;,&quot;bottom&quot;:&quot;&quot;,&quot;left&quot;:&quot;&quot;,&quot;isLinked&quot;:true},&quot;element_pack_global_tooltip_border_radius_mobile&quot;:{&quot;unit&quot;:&quot;px&quot;,&quot;top&quot;:&quot;&quot;,&quot;right&quot;:&quot;&quot;,&quot;bottom&quot;:&quot;&quot;,&quot;left&quot;:&quot;&quot;,&quot;isLinked&quot;:true}}\" data-elementor-post-type=\"page\">\n\t\t\t\t<div data-particle_enable=\"false\" data-particle-mobile-disabled=\"false\" class=\"elementor-element elementor-element-64be616 e-flex e-con-boxed e-con e-parent\" data-id=\"64be616\" data-element_type=\"container\">\n\t\t\t\t\t<div class=\"e-con-inner\">\n\t\t\t\t<div class=\"elementor-element elementor-element-a80893f elementor-widget elementor-widget-heading\" data-id=\"a80893f\" data-element_type=\"widget\" data-widget_type=\"heading.default\">\n\t\t\t\t<div class=\"elementor-widget-container\">\n\t\t\t\t\t<h2 class=\"elementor-heading-title elementor-size-default\">  dr Vaso Butozan<\/h2>\t\t\t\t<\/div>\n\t\t\t\t<\/div>\n\t\t\t\t\t<\/div>\n\t\t\t\t<\/div>\n\t\t\t\t<section data-particle_enable=\"false\" data-particle-mobile-disabled=\"false\" class=\"elementor-section elementor-top-section elementor-element elementor-element-a54ad14 elementor-section-boxed elementor-section-height-default elementor-section-height-default\" data-id=\"a54ad14\" data-element_type=\"section\">\n\t\t\t\t\t\t<div class=\"elementor-container elementor-column-gap-default\">\n\t\t\t\t\t<div class=\"elementor-column elementor-col-100 elementor-top-column elementor-element elementor-element-3acd8db\" data-id=\"3acd8db\" data-element_type=\"column\">\n\t\t\t<div class=\"elementor-widget-wrap elementor-element-populated\">\n\t\t\t\t\t\t<div class=\"elementor-element elementor-element-5678f9b elementor-widget elementor-widget-text-editor\" data-id=\"5678f9b\" data-element_type=\"widget\" data-widget_type=\"text-editor.default\">\n\t\t\t\t<div class=\"elementor-widget-container\">\n\t\t\t\t\t\t\t\t\t<h3>Academic Professor Dr Vaso Butozan is one of the most prominent figures in the history of Yugoslav veterinary medicine.<\/h3>\t\t\t\t\t\t\t\t<\/div>\n\t\t\t\t<\/div>\n\t\t\t\t<section data-particle_enable=\"false\" data-particle-mobile-disabled=\"false\" class=\"elementor-section elementor-inner-section elementor-element elementor-element-fe1d8d0 elementor-section-boxed elementor-section-height-default elementor-section-height-default\" data-id=\"fe1d8d0\" data-element_type=\"section\">\n\t\t\t\t\t\t<div class=\"elementor-container elementor-column-gap-default\">\n\t\t\t\t\t<div class=\"elementor-column elementor-col-50 elementor-inner-column elementor-element elementor-element-caf8d3e\" data-id=\"caf8d3e\" data-element_type=\"column\">\n\t\t\t<div class=\"elementor-widget-wrap elementor-element-populated\">\n\t\t\t\t\t\t<div class=\"elementor-element elementor-element-221201a elementor-widget elementor-widget-text-editor\" data-id=\"221201a\" data-element_type=\"widget\" data-widget_type=\"text-editor.default\">\n\t\t\t\t<div class=\"elementor-widget-container\">\n\t\t\t\t\t\t\t\t\t<p>Vaso Butozan was born on 5 December 1902 in Star\u010devo, near Pan\u010devo, into a family of agricultural labourers. He completed his primary and secondary education in Pan\u010devo, and then enrolled at the Faculty of Philosophy in Belgrade, where he graduated. During his studies in Belgrade, he became a member of the Independent Workers' Party of Yugoslavia.<\/p>\t\t\t\t\t\t\t\t<\/div>\n\t\t\t\t<\/div>\n\t\t\t\t<div class=\"elementor-element elementor-element-b0311a6 elementor-widget elementor-widget-text-editor\" data-id=\"b0311a6\" data-element_type=\"widget\" data-widget_type=\"text-editor.default\">\n\t\t\t\t<div class=\"elementor-widget-container\">\n\t\t\t\t\t\t\t\t\t<p>After that, in 1926, he enrolled at the Faculty of Veterinary Medicine in Zagreb, where he graduated in 1930. Immediately after graduating, he was appointed assistant at the Institute of Histology and Embryology of the Faculty of Veterinary Medicine in Zagreb. <br \/>He was awarded his doctorate by the same faculty on 30 June 1931 for his thesis: \"<em>\u041f\u0440\u0438\u043b\u043e\u0437\u0438 \u043d\u043e\u0440\u043c\u0430\u043b\u043d\u0435 \u043b\u0435\u0443\u043a\u043e\u0446\u0438\u0442\u0430\u0440\u043d\u0435 \u043a\u0440\u0432\u043d\u0435 \u0441\u043b\u0438\u043a\u0435 \u0442\u0435\u043b\u0430\u0434\u0438 \u0443 \u0441\u0442\u0430\u0440\u043e\u0441\u0442\u0438 \u043e\u0434 6-10 \u043d\u0435\u0434\u0435\u0459\u0430<\/em>\"<\/p><p>In early 1933, he transferred to the Institute for Infectious Diseases, but in 1934 he decided to move to the Hygiene Institute in Banja Luka, where he headed the Department of Veterinary Epidemiology.<\/p>\t\t\t\t\t\t\t\t<\/div>\n\t\t\t\t<\/div>\n\t\t\t\t\t<\/div>\n\t\t<\/div>\n\t\t\t\t<div class=\"elementor-column elementor-col-50 elementor-inner-column elementor-element elementor-element-7f5f5dc\" data-id=\"7f5f5dc\" data-element_type=\"column\">\n\t\t\t<div class=\"elementor-widget-wrap elementor-element-populated\">\n\t\t\t\t\t\t<div class=\"elementor-element elementor-element-6425d84 elementor-widget elementor-widget-image\" data-id=\"6425d84\" data-element_type=\"widget\" data-widget_type=\"image.default\">\n\t\t\t\t<div class=\"elementor-widget-container\">\n\t\t\t\t\t\t\t\t\t\t\t\t\t\t\t<img decoding=\"async\" src=\"https:\/\/virs-vb.com\/wp-content\/uploads\/elementor\/thumbs\/Vaso-relmamkm52i2umjh63m8wd3r8309u8gdddwo8y1u74.jpg\" title=\"Vaso\" alt=\"Vaso\" loading=\"lazy\" \/>\t\t\t\t\t\t\t\t\t\t\t\t\t\t\t<\/div>\n\t\t\t\t<\/div>\n\t\t\t\t\t<\/div>\n\t\t<\/div>\n\t\t\t\t\t<\/div>\n\t\t<\/section>\n\t\t\t\t<div class=\"elementor-element elementor-element-d96d262 elementor-widget elementor-widget-text-editor\" data-id=\"d96d262\" data-element_type=\"widget\" data-widget_type=\"text-editor.default\">\n\t\t\t\t<div class=\"elementor-widget-container\">\n\t\t\t\t\t\t\t\t\t<p>Dr Vasa Butozan's prolific work comprises around 100 scientific and professional papers published in well-known foreign and domestic journals of the SFR Yugoslavia, particularly in the Veterinarski glasnik (Belgrade) and the Veterinarski arhiv (Zagreb). He paid special attention to livestock production and veterinary services. Dr Vasa Butozan's significant contribution lies in his work and the founding of the University of Sarajevo, and he was one of the founders of the Faculty of Medicine, the Faculty of Veterinary Medicine and the Faculty of Agriculture. He was the first Rector of the University of Sarajevo and held this position for three terms. At the Faculty of Agriculture, he was elected a full professor of Veterinary Medicine in 1949, and at the Faculty of Veterinary Medicine, he was elected a full professor of Infectious Diseases in 1950. He was elected Dean of the Faculty of Veterinary Medicine in Sarajevo for two terms.<\/p><p>Dr Vaso Butozan is known to have risen socially and politically, becoming a public servant of great quality. In the first government of the People's Republic of BiH in 1945, he was appointed Deputy Minister of Livestock, and in 1947, Minister of Science and Culture. From this position, he was elected President of the Union of Veterinary Medical and Veterinary Technicians' Societies of BiH. He served as the life president of the Society of Veterinarians and Veterinary Technicians of SFRJ, BiH, etc.<\/p><p>Dr Vaso Butozan was a full member of the Academy of Sciences and Arts of Bosnia and Herzegovina, a full member of the New York Academy of Sciences, and a full member of the Yugoslav Academy of the Scientific Society for the History of Health Culture. He was elected a corresponding member of the Serbian Academy of Sciences and Arts, a corresponding member of the Slovenian Academy of Sciences and Arts, and a corresponding member of the German Academy of Agricultural Sciences. He was awarded honorary doctorates by Humboldt University of Berlin and the University of Sarajevo. He was the editor of several journals (Veterinaria Sarajevo, Acta hystorica medicinae, pharmaciae et veterinae Belgrade), the editorial board of the Encyclopaedia of Yugoslavia for BiH, and a member of the editorial board of \u201cVeterinary Glasnik\u201d, 'Enciklopedia moderna' and \u201cAgricultural Encyclopaedia\u201d. He served as president of the National Committee of the World Veterinary Association, was a member of the permanent commission of the World Veterinary Association, permanent representative to the Office international des \u00e9pizooties in Paris and Director of the Scientific and Research Institute of the Faculty of Veterinary Medicine in Sarajevo from 1960 to 1967. For his professional, scientific and societal work, he received many honours and awards.<\/p><p>He retired on 1 May 1966, so in 1967 he moved to Zagreb, where he spent the last days of his life. He died in Zagreb on 14 May 1974.<\/p>\t\t\t\t\t\t\t\t<\/div>\n\t\t\t\t<\/div>\n\t\t\t\t\t<\/div>\n\t\t<\/div>\n\t\t\t\t\t<\/div>\n\t\t<\/section>\n\t\t\t\t<\/div>","protected":false},"excerpt":{"rendered":"<p>\u0434\u0440 \u0412\u0430\u0441\u043e \u0411\u0443\u0442\u043e\u0437\u0430\u043d \u0410\u043a\u0430\u0434\u0435\u043c\u0438\u043a \u043f\u0440\u043e\u0444. \u0434\u0440 \u0412\u0430\u0441\u043e \u0411\u0443\u0442\u043e\u0437\u0430\u043d \u0458\u0435\u0434\u043d\u0430 \u0458\u0435 \u043e\u0434 \u043d\u0430\u0458\u043c\u0430\u0440\u043a\u0430\u043d\u0442\u043d\u0438\u0458\u0438\u0445 \u043b\u0438\u0447\u043d\u043e\u0441\u0442\u0438 \u0443 \u0438\u0441\u0442\u043e\u0440\u0438\u0458\u0438 \u0458\u0443\u0433\u043e\u0441\u043b\u043e\u0432\u0435\u043d\u0441\u043a\u0435 \u0432\u0435\u0442\u0435\u0440\u0438\u043d\u0430\u0440\u0441\u043a\u0435 \u043c\u0435\u0434\u0438\u0446\u0438\u043d\u0435. \u0412\u0430\u0441\u043e \u0411\u0443\u0442\u043e\u0437\u0430\u043d \u0458\u0435 \u0440\u043e\u0452\u0435\u043d 5. \u0434\u0435\u0446\u0435\u043c\u0431\u0440\u0430 1902. \u0433\u043e\u0434\u0438\u043d\u0435 \u0443 \u0421\u0442\u0430\u0440\u0447\u0435\u0432\u0443 \u043a\u043e\u0434 \u041f\u0430\u043d\u0447\u0435\u0432\u0430, \u0443 \u043f\u043e\u0440\u043e\u0434\u0438\u0446\u0438 \u043f\u043e\u0459\u043e\u043f\u0440\u0438\u0432\u0440\u0435\u0434\u043d\u0438\u0445 \u0440\u0430\u0434\u043d\u0438\u043a\u0430. \u041e\u0441\u043d\u043e\u0432\u0443 \u0448\u043a\u043e\u043b\u0443 \u0438 \u0433\u0438\u043c\u043d\u0430\u0437\u0438\u0458\u0443 \u0437\u0430\u0432\u0440\u0448\u0438\u043e \u0458\u0435 \u0443 \u041f\u0430\u043d\u0447\u0435\u0432\u0443, \u0430 \u0437\u0430\u0442\u0438\u043c \u0441\u0435 \u0443\u043f\u0438\u0441\u0430\u043e \u0441\u0435 \u043d\u0430 \u0424\u0438\u043b\u043e\u0437\u043e\u0444\u0441\u043a\u0438 \u0444\u0430\u043a\u0443\u043b\u0442\u0435\u0442 \u0443 \u0411\u0435\u043e\u0433\u0440\u0430\u0434\u0443, \u0433\u0434\u0458\u0435 \u0458\u0435 \u0430\u043f\u0441\u043e\u043b\u0432\u0438\u0440\u0430\u043e. [&hellip;]<\/p>","protected":false},"author":2,"featured_media":7672,"parent":0,"menu_order":0,"comment_status":"closed","ping_status":"closed","template":"elementor_header_footer","meta":{"footnotes":""},"class_list":["post-10230","page","type-page","status-publish","has-post-thumbnail","hentry"],"_links":{"self":[{"href":"https:\/\/virs-vb.com\/en\/wp-json\/wp\/v2\/pages\/10230","targetHints":{"allow":["GET"]}}],"collection":[{"href":"https:\/\/virs-vb.com\/en\/wp-json\/wp\/v2\/pages"}],"about":[{"href":"https:\/\/virs-vb.com\/en\/wp-json\/wp\/v2\/types\/page"}],"author":[{"embeddable":true,"href":"https:\/\/virs-vb.com\/en\/wp-json\/wp\/v2\/users\/2"}],"replies":[{"embeddable":true,"href":"https:\/\/virs-vb.com\/en\/wp-json\/wp\/v2\/comments?post=10230"}],"version-history":[{"count":23,"href":"https:\/\/virs-vb.com\/en\/wp-json\/wp\/v2\/pages\/10230\/revisions"}],"predecessor-version":[{"id":11744,"href":"https:\/\/virs-vb.com\/en\/wp-json\/wp\/v2\/pages\/10230\/revisions\/11744"}],"wp:featuredmedia":[{"embeddable":true,"href":"https:\/\/virs-vb.com\/en\/wp-json\/wp\/v2\/media\/7672"}],"wp:attachment":[{"href":"https:\/\/virs-vb.com\/en\/wp-json\/wp\/v2\/media?parent=10230"}],"curies":[{"name":"wp","href":"https:\/\/api.w.org\/{rel}","templated":true}]}}